{"id":2802,"date":"2019-09-13T13:46:21","date_gmt":"2019-09-13T13:46:21","guid":{"rendered":"https:\/\/www.projet-coop.fr\/?page_id=2802"},"modified":"2019-10-01T13:02:59","modified_gmt":"2019-10-01T13:02:59","slug":"labcesi-2","status":"publish","type":"page","link":"https:\/\/www.projet-coop.fr\/?page_id=2802","title":{"rendered":"Lab&rsquo;CESI"},"content":{"rendered":"<section class=\"kc-elm kc-css-658070 kc_row\"><div class=\"kc-row-container  kc-container\"><div class=\"kc-wrap-columns\"><div class=\"kc-elm kc-css-142002 kc_col-sm-3 kc_column kc_col-sm-3\"><div class=\"kc-col-container\"><div class=\"kc-elm kc-css-386276 kc-animated kc-animate-eff-fadeIn kc_row kc_row_inner\"><div class=\"kc-elm kc-css-208542 kc_col-sm-12 kc_column_inner kc_col-sm-12\"><div class=\"kc_wrapper kc-col-inner-container\"><div class=\"kc-elm kc-css-12805\" style=\"height: 20px; clear: both; width:100%;\"><\/div>\n<div class=\"kc-elm kc-css-835082 kc-title-wrap \">\n\n\t<h3 class=\"kc_title\">Nos objectifs<\/h3>\n<\/div>\n<div class=\"kc-elm kc-css-313197\" style=\"height: 20px; clear: both; width:100%;\"><\/div><div class=\"kc-elm kc-css-\u00bb143098&Prime; kc_row kc_row_inner\"><div class=\"kc-elm kc-css-\u00bb410264&Prime; kc_col-sm-1 kc_column_inner kc_col-sm-1\"><div class=\"kc_wrapper kc-col-inner-container\">\n<div class=\"kc-elm kc-css-322593\">\n\t<a class=\"kc_button\" href=\"#\" onclick=\"\">\n\t\tCollaboration\t<\/a>\n<\/div>\n<div class=\"kc-elm kc-css-38274\" style=\"height: 0px; clear: both; width:100%;\"><\/div>\n<div class=\"kc-elm kc-css-707052\">\n\t<a class=\"kc_button\" href=\"#\" onclick=\"\">\n\t\tIntellience collective\t<\/a>\n<\/div>\n<div class=\"kc-elm kc-css-44400\" style=\"height: 0px; clear: both; width:100%;\"><\/div>\n<div class=\"kc-elm kc-css-866238\">\n\t<a class=\"kc_button\" href=\"#\" onclick=\"\">\n\t\tP\u00e9dagogie par le \u00ab faire \u00bb\t<\/a>\n<\/div>\n<div class=\"kc-elm kc-css-104005\" style=\"height: 0px; clear: both; width:100%;\"><\/div>\n<div class=\"kc-elm kc-css-902179\">\n\t<a class=\"kc_button\" href=\"#\" onclick=\"\">\n\t\tStimuler la cr\u00e9ativit\u00e9\t<\/a>\n<\/div>\n<div class=\"kc-elm kc-css-709116\" style=\"height: 0px; clear: both; width:100%;\"><\/div>\n<div class=\"kc-elm kc-css-473364\">\n\t<a class=\"kc_button\" href=\"#\" onclick=\"\">\n\t\tL:apos:innovation\t<\/a>\n<\/div>\n<\/div><\/div><\/div><\/div><\/div><\/div><\/div><\/div><div class=\"kc-elm kc-css-71495 kc_col-sm-1 kc_column kc_col-sm-1\"><div class=\"kc-col-container\"><\/div><\/div><div class=\"kc-elm kc-css-394597 kc_col-sm-7 kc_column kc_col-sm-7\"><div class=\"kc-col-container\"><div class=\"kc-elm kc-css-779064 kc_text_block\"><\/p>\n<\/p>\n<h2 class=\"wp-block-heading\"><strong>Qu\u2019est-ce qu\u2019un Fab Lab\u00a0?<\/strong><\/h2>\n<p><strong>\u00a0<\/strong> <strong>\u00a0<\/strong><\/p>\n<p>De la contraction de l\u2019anglais \u00ab <strong>Fab<\/strong>rication <strong>Lab<\/strong>oratory \u00bb ( laboratoire de fabrication ), un Fab Lab est un espace collaboratif de conception et de fabrication de prototypes et d\u2019objets \u00e0 partir de technologies num\u00e9riques mais aussi d\u2019outils divers et vari\u00e9s. \u00a0En plus de permettre \u00e0 tous les usagers de s\u2019approprier le mat\u00e9riel, le Fab Lab est aussi un lieu de vie communautaire.<\/p>\n<p><strong>\u00a0<\/strong><\/p>\n<\/p>\n<p>Vous avez la possibilit\u00e9 de venir \u00e9changer avec d\u2019autres makers, proposer des projets, participer avec nous aux nombreux \u00e9v\u00e9nements.<\/p>\n<\/p><\/p>\n<\/div><\/div><\/div><\/div><\/div><\/section><section class=\"kc-elm kc-css-23763 kc_row\"><div class=\"kc-row-container  kc-container\"><div class=\"kc-wrap-columns\"><div class=\"kc-elm kc-css-476338 kc_col-sm-12 kc_column kc_col-sm-12\"><div class=\"kc-col-container\"><div class=\"kc-elm kc-css-51666\" style=\"height: 40px; clear: both; width:100%;\"><\/div><\/div><\/div><\/div><\/div><\/section><section class=\"kc-elm kc-css-708789 kc_row\"><div class=\"kc-row-container  kc-container\"><div class=\"kc-wrap-columns\"><div class=\"kc-elm kc-css-598059 kc_col-sm-12 kc_column kc_col-sm-12\"><div class=\"kc-col-container\"><div class=\"kc-elm kc-css-909627\">\n\t<div class=\"kc-carousel_images kc-elm kc-css-909627\">\n\t\n\t\t<div class=\"kc-carousel-images owl-carousel-images kc-sync1  owl-nav-round\" data-owl-i-options='{\"items\":\"2\",\"tablet\":\"2\",\"mobile\":\"1\",\"speed\":\"339\",\"navigation\":\"yes\",\"pagination\":\"\",\"autoheight\":\"\",\"progressbar\":\"\",\"delay\":\"3\",\"autoplay\":\"yes\",\"showthumb\":\"\",\"num_thumb\":\"5\"}'>\n\t\n\t\t\t\t\t<div class=\"item\">\n\t\n\t\t\t<a class=\"kc-image-link kc-pretty-photo\" data-lightbox=\"kc-lightbox\" rel=\"prettyPhoto[909627]\" href=\"https:\/\/www.projet-coop.fr\/wp-content\/uploads\/2019\/08\/IMG_3967-1.jpg\"><img decoding=\"async\" src=\"https:\/\/www.projet-coop.fr\/wp-content\/uploads\/2019\/08\/IMG_3967-1.jpg\" alt=\"\" \/><\/a>\t\n\t\t\t<\/div>\n\t\n\t\t\t\t\t<div class=\"item\">\n\t\n\t\t\t<a class=\"kc-image-link kc-pretty-photo\" data-lightbox=\"kc-lightbox\" rel=\"prettyPhoto[909627]\" href=\"https:\/\/www.projet-coop.fr\/wp-content\/uploads\/2019\/08\/IMG_3973-1.jpg\"><img decoding=\"async\" src=\"https:\/\/www.projet-coop.fr\/wp-content\/uploads\/2019\/08\/IMG_3973-1.jpg\" alt=\"\" \/><\/a>\t\n\t\t\t<\/div>\n\t\n\t\t\t\t\t<div class=\"item\">\n\t\n\t\t\t<a class=\"kc-image-link kc-pretty-photo\" data-lightbox=\"kc-lightbox\" rel=\"prettyPhoto[909627]\" href=\"https:\/\/www.projet-coop.fr\/wp-content\/uploads\/2019\/08\/IMG_3980-1.jpg\"><img decoding=\"async\" src=\"https:\/\/www.projet-coop.fr\/wp-content\/uploads\/2019\/08\/IMG_3980-1.jpg\" alt=\"\" \/><\/a>\t\n\t\t\t<\/div>\n\t\n\t\t\t\t\t<div class=\"item\">\n\t\n\t\t\t<a class=\"kc-image-link kc-pretty-photo\" data-lightbox=\"kc-lightbox\" rel=\"prettyPhoto[909627]\" href=\"https:\/\/www.projet-coop.fr\/wp-content\/uploads\/2019\/08\/IMG_3981-1.jpg\"><img decoding=\"async\" src=\"https:\/\/www.projet-coop.fr\/wp-content\/uploads\/2019\/08\/IMG_3981-1.jpg\" alt=\"\" \/><\/a>\t\n\t\t\t<\/div>\n\t\n\t\t\t\t\t<div class=\"item\">\n\t\n\t\t\t<a class=\"kc-image-link kc-pretty-photo\" data-lightbox=\"kc-lightbox\" rel=\"prettyPhoto[909627]\" href=\"https:\/\/www.projet-coop.fr\/wp-content\/uploads\/2019\/08\/IMG_3982-1-e1566396774238.jpg\"><img decoding=\"async\" src=\"https:\/\/www.projet-coop.fr\/wp-content\/uploads\/2019\/08\/IMG_3982-1-e1566396774238.jpg\" alt=\"\" \/><\/a>\t\n\t\t\t<\/div>\n\t\n\t\t\t\t\t<div class=\"item\">\n\t\n\t\t\t<a class=\"kc-image-link kc-pretty-photo\" data-lightbox=\"kc-lightbox\" rel=\"prettyPhoto[909627]\" href=\"https:\/\/www.projet-coop.fr\/wp-content\/uploads\/2019\/08\/IMG_3986-1.jpg\"><img decoding=\"async\" src=\"https:\/\/www.projet-coop.fr\/wp-content\/uploads\/2019\/08\/IMG_3986-1.jpg\" alt=\"\" \/><\/a>\t\n\t\t\t<\/div>\n\t\n\t\t\t\t\t<div class=\"item\">\n\t\n\t\t\t<a class=\"kc-image-link kc-pretty-photo\" data-lightbox=\"kc-lightbox\" rel=\"prettyPhoto[909627]\" href=\"https:\/\/www.projet-coop.fr\/wp-content\/uploads\/2019\/08\/IMG_3990-1.jpg\"><img decoding=\"async\" src=\"https:\/\/www.projet-coop.fr\/wp-content\/uploads\/2019\/08\/IMG_3990-1.jpg\" alt=\"\" \/><\/a>\t\n\t\t\t<\/div>\n\t\n\t\t\t\t\t<div class=\"item\">\n\t\n\t\t\t<a class=\"kc-image-link kc-pretty-photo\" data-lightbox=\"kc-lightbox\" rel=\"prettyPhoto[909627]\" href=\"https:\/\/www.projet-coop.fr\/wp-content\/uploads\/2019\/08\/IMG_3991-1.jpg\"><img decoding=\"async\" src=\"https:\/\/www.projet-coop.fr\/wp-content\/uploads\/2019\/08\/IMG_3991-1.jpg\" alt=\"\" \/><\/a>\t\n\t\t\t<\/div>\n\t\n\t\t\t\t\t<div class=\"item\">\n\t\n\t\t\t<a class=\"kc-image-link kc-pretty-photo\" data-lightbox=\"kc-lightbox\" rel=\"prettyPhoto[909627]\" href=\"https:\/\/www.projet-coop.fr\/wp-content\/uploads\/2019\/08\/IMG_3994-1.jpg\"><img decoding=\"async\" src=\"https:\/\/www.projet-coop.fr\/wp-content\/uploads\/2019\/08\/IMG_3994-1.jpg\" alt=\"\" \/><\/a>\t\n\t\t\t<\/div>\n\t\n\t\t\t\n\t\t<\/div>\n\t\n\t\t\t<\/div>\n<\/div>\n<\/div><\/div><\/div><\/div><\/section><section class=\"kc-elm kc-css-18616 kc_row\"><div class=\"kc-row-container  kc-container\"><div class=\"kc-wrap-columns\"><div class=\"kc-elm kc-css-327078 kc_col-sm-12 kc_column kc_col-sm-12\"><div class=\"kc-col-container\"><div class=\"kc-elm kc-css-60381 kc_text_block\"><h2 style=\"text-align: center;\"><strong>Le Fab Lab au campus CESI Bordeaux<\/strong><\/h2>\n<div id=\"Color-line\">\u00a0<\/div>\n<p style=\"text-align: center;\">\n<p style=\"text-align: center;\">\n<p style=\"text-align: center;\">Le Fab Lab du <em><strong><a style=\"color: #1ba491;\" href=\"https:\/\/bordeaux.cesi.fr\/\" target=\"_blank\" rel=\"noopener\">campus CESI Bordeaux <\/a><\/strong><\/em>favorise la rencontre entre les \u00e9l\u00e8ves et les entreprises dans un lieu privil\u00e9giant\u00a0<\/p>\n<p style=\"text-align: center;\">l\u2019apprentissage et l\u2019innovation, d\u2019\u00e9changes et de partage de connaissances, d\u2019exp\u00e9riences\u00a0<span style=\"font-style: inherit;\">et d\u2019id\u00e9es.\u00a0<\/span><\/p>\n<p style=\"text-align: center;\"><span style=\"font-style: inherit;\">Le Fab Lab peut \u00e9galement \u00eatre mis \u00e0 disposition pour nos entreprises partenaires sur leurs diff\u00e9rents projets.<\/span><\/p>\n<p style=\"text-align: center;\">\n<figure><\/figure>\n<figure><\/figure>\n<figure><\/figure>\n<figure><\/figure>\n<figure><\/figure>\n<figure><\/figure>\n<figure><\/figure>\n<h2 style=\"text-align: center;\"><strong>\u00a0<\/strong><\/h2>\n<h2 style=\"text-align: center;\">\u00a0<\/h2>\n<h2 style=\"text-align: center;\"><strong>Le parc machine<\/strong><\/h2>\n<div id=\"Color-line\">\u00a0<\/div>\n<\/div><\/div><\/div><\/div><\/div><\/section><section class=\"kc-elm kc-css-995336 kc_row\"><div class=\"kc-row-container  kc-container\"><div class=\"kc-wrap-columns\"><div class=\"kc-elm kc-css-103057 kc_col-sm-12 kc_column kc_col-sm-12\"><div class=\"kc-col-container\"><div class=\"kc-image-gallery kc-elm kc-css-540109\">\n<div class=\"kc_image_gallery kc-carousel-image kc-grid \">\n<div class=\"item-grid grid-4\"><img decoding=\"async\" src=\"https:\/\/www.projet-coop.fr\/wp-content\/uploads\/2019\/08\/Sans-titre-6.png\" alt=\"\"\/><\/div><div class=\"item-grid grid-4\"><img decoding=\"async\" src=\"https:\/\/www.projet-coop.fr\/wp-content\/uploads\/2019\/08\/Sans-titre-5.png\" alt=\"\"\/><\/div><div class=\"item-grid grid-4\"><img decoding=\"async\" src=\"https:\/\/www.projet-coop.fr\/wp-content\/uploads\/2019\/08\/Sans-titre-4.png\" alt=\"\"\/><\/div><div class=\"item-grid grid-4\"><img decoding=\"async\" src=\"https:\/\/www.projet-coop.fr\/wp-content\/uploads\/2019\/08\/Sans-titre-3.png\" alt=\"\"\/><\/div><\/div>\n<\/div><\/div><\/div><\/div><\/div><\/section>","protected":false},"excerpt":{"rendered":"","protected":false},"author":1,"featured_media":717,"parent":0,"menu_order":0,"comment_status":"closed","ping_status":"closed","template":"","meta":{"footnotes":""},"class_list":["post-2802","page","type-page","status-publish","has-post-thumbnail","hentry"],"_links":{"self":[{"href":"https:\/\/www.projet-coop.fr\/index.php?rest_route=\/wp\/v2\/pages\/2802","targetHints":{"allow":["GET"]}}],"collection":[{"href":"https:\/\/www.projet-coop.fr\/index.php?rest_route=\/wp\/v2\/pages"}],"about":[{"href":"https:\/\/www.projet-coop.fr\/index.php?rest_route=\/wp\/v2\/types\/page"}],"author":[{"embeddable":true,"href":"https:\/\/www.projet-coop.fr\/index.php?rest_route=\/wp\/v2\/users\/1"}],"replies":[{"embeddable":true,"href":"https:\/\/www.projet-coop.fr\/index.php?rest_route=%2Fwp%2Fv2%2Fcomments&post=2802"}],"version-history":[{"count":158,"href":"https:\/\/www.projet-coop.fr\/index.php?rest_route=\/wp\/v2\/pages\/2802\/revisions"}],"predecessor-version":[{"id":3247,"href":"https:\/\/www.projet-coop.fr\/index.php?rest_route=\/wp\/v2\/pages\/2802\/revisions\/3247"}],"wp:featuredmedia":[{"embeddable":true,"href":"https:\/\/www.projet-coop.fr\/index.php?rest_route=\/wp\/v2\/media\/717"}],"wp:attachment":[{"href":"https:\/\/www.projet-coop.fr\/index.php?rest_route=%2Fwp%2Fv2%2Fmedia&parent=2802"}],"curies":[{"name":"wp","href":"https:\/\/api.w.org\/{rel}","templated":true}]}}