{"id":78,"date":"2018-02-09T11:33:03","date_gmt":"2018-02-09T11:33:03","guid":{"rendered":"http:\/\/wp2.commonsupport.com\/newwp\/bizcoach\/?page_id=78"},"modified":"2019-09-15T11:44:38","modified_gmt":"2019-09-15T11:44:38","slug":"les-projets","status":"publish","type":"page","link":"https:\/\/www.projet-coop.fr\/?page_id=78","title":{"rendered":"Les projets"},"content":{"rendered":"<section class=\"kc-elm kc-css-848889 kc_row\"><div class=\"kc-row-container  kc-container\"><div class=\"kc-wrap-columns\">\n<div class=\"kc-elm kc-css-390375 kc_col-sm-12 kc_column kc_col-sm-12\"><div class=\"kc-col-container\">\t \n\n\n<!--Start latest project area-->\n<section class=\"latest-project-area style-two\">\n    <div class=\"container\">\n        <div class=\"row\">\n            <div class=\"col-md-12\">\n                <div class=\"clearfix\">\n                                        <ul class=\"project-filter post-filter\">\n                        <li class=\"active\" data-filter=\".filter-item\"><span>All Work<\/span><\/li>\n                                                <li data-filter=\".\"><span><\/span><\/li>\n                                            <\/ul>\n                <\/div>                    \n            <\/div>\n        <\/div>\n        <div class=\"row project-content masonary-layout filter-layout\">\n\t\t\t\n\t\t\t\t\t\t\n           \n            <!--Start single project-->\n            <div class=\"col-md-4 col-sm-6 col-xs-12 filter-item \">\n                <div class=\"item\">\n                    <img fetchpriority=\"high\" decoding=\"async\" width=\"370\" height=\"290\" src=\"https:\/\/www.projet-coop.fr\/wp-content\/uploads\/2018\/02\/DB0C3156-7DBD-4017-A9B3-AE1BD24EEBDD-370x290.jpeg\" class=\"attachment-kathleen_370x290 size-kathleen_370x290 wp-post-image\" alt=\"\" \/>                    <div class=\"overlay\">\n                        <a href=\"\/wp\/?page_id=191\"><h5>Barri\u00e8re v\u00e9g\u00e9tale<\/h5><\/a>\n                        <p>Maquette d&rsquo;am\u00e9nagement urbain : Cr\u00e9ation d&rsquo;une barri\u00e8re v\u00e9g\u00e9tale rempla\u00e7ant la palissade actuelle ...<\/p>\n                        <a href=\"\/wp\/?page_id=191\"><i class=\"flaticon-right-arrow\"><\/i><\/a>\n                    <\/div>                    \n                <\/div>\n            <\/div>\n            <!--End single project-->\n            \n\t\t\t\t\n           \n            <!--Start single project-->\n            <div class=\"col-md-4 col-sm-6 col-xs-12 filter-item \">\n                <div class=\"item\">\n                    <img decoding=\"async\" width=\"370\" height=\"290\" src=\"https:\/\/www.projet-coop.fr\/wp-content\/uploads\/2018\/02\/IMG_6582-370x290.jpg\" class=\"attachment-kathleen_370x290 size-kathleen_370x290 wp-post-image\" alt=\"\" \/>                    <div class=\"overlay\">\n                        <a href=\"\/wp\/?page_id=2769\"><h5>Les Blog&rsquo;Notes<\/h5><\/a>\n                        <p>Cr\u00e9ation d&rsquo;un support pour bloc-notes. D\u00e9coupe et gravure sur du MDF 3mm. ...<\/p>\n                        <a href=\"\/wp\/?page_id=2769\"><i class=\"flaticon-right-arrow\"><\/i><\/a>\n                    <\/div>                    \n                <\/div>\n            <\/div>\n            <!--End single project-->\n            \n\t\t\t\t\n           \n            <!--Start single project-->\n            <div class=\"col-md-4 col-sm-6 col-xs-12 filter-item \">\n                <div class=\"item\">\n                                        <div class=\"overlay\">\n                        <a href=\"\"><h5>Ciselage et sculpture du cuir<\/h5><\/a>\n                        <p>Usinage des colliers ajour\u00e9es en cuir de vachette. &nbsp;<\/p>\n                        <a href=\"\"><i class=\"flaticon-right-arrow\"><\/i><\/a>\n                    <\/div>                    \n                <\/div>\n            <\/div>\n            <!--End single project-->\n            \n  \n \n        <\/div> \n    <\/div>\n<\/section>\n<!--End latest project area--><\/div><\/div><\/div><\/div><\/section>\n","protected":false},"excerpt":{"rendered":"","protected":false},"author":1,"featured_media":0,"parent":0,"menu_order":0,"comment_status":"closed","ping_status":"closed","template":"tpl-king_composer.php","meta":{"footnotes":""},"class_list":["post-78","page","type-page","status-publish","hentry"],"_links":{"self":[{"href":"https:\/\/www.projet-coop.fr\/index.php?rest_route=\/wp\/v2\/pages\/78","targetHints":{"allow":["GET"]}}],"collection":[{"href":"https:\/\/www.projet-coop.fr\/index.php?rest_route=\/wp\/v2\/pages"}],"about":[{"href":"https:\/\/www.projet-coop.fr\/index.php?rest_route=\/wp\/v2\/types\/page"}],"author":[{"embeddable":true,"href":"https:\/\/www.projet-coop.fr\/index.php?rest_route=\/wp\/v2\/users\/1"}],"replies":[{"embeddable":true,"href":"https:\/\/www.projet-coop.fr\/index.php?rest_route=%2Fwp%2Fv2%2Fcomments&post=78"}],"version-history":[{"count":5,"href":"https:\/\/www.projet-coop.fr\/index.php?rest_route=\/wp\/v2\/pages\/78\/revisions"}],"predecessor-version":[{"id":2809,"href":"https:\/\/www.projet-coop.fr\/index.php?rest_route=\/wp\/v2\/pages\/78\/revisions\/2809"}],"wp:attachment":[{"href":"https:\/\/www.projet-coop.fr\/index.php?rest_route=%2Fwp%2Fv2%2Fmedia&parent=78"}],"curies":[{"name":"wp","href":"https:\/\/api.w.org\/{rel}","templated":true}]}}